{"id":83,"date":"2024-04-23T18:41:46","date_gmt":"2024-04-23T18:41:46","guid":{"rendered":"https:\/\/www.zendo-witten.de\/?page_id=83"},"modified":"2026-03-19T08:26:44","modified_gmt":"2026-03-19T08:26:44","slug":"zendo-witten","status":"publish","type":"page","link":"https:\/\/www.zendo-witten.de\/","title":{"rendered":"Zendo Witten"},"content":{"rendered":"\n<figure class=\"wp-block-image size-full\"><img loading=\"lazy\" decoding=\"async\" width=\"2560\" height=\"1920\" src=\"https:\/\/www.zendo-witten.de\/wp-content\/uploads\/2026\/03\/Zendo-UWH2-scaled.jpeg\" alt=\"\" class=\"wp-image-166\" srcset=\"https:\/\/www.zendo-witten.de\/wp-content\/uploads\/2026\/03\/Zendo-UWH2-scaled.jpeg 2560w, https:\/\/www.zendo-witten.de\/wp-content\/uploads\/2026\/03\/Zendo-UWH2-300x225.jpeg 300w, https:\/\/www.zendo-witten.de\/wp-content\/uploads\/2026\/03\/Zendo-UWH2-1024x768.jpeg 1024w, https:\/\/www.zendo-witten.de\/wp-content\/uploads\/2026\/03\/Zendo-UWH2-768x576.jpeg 768w, https:\/\/www.zendo-witten.de\/wp-content\/uploads\/2026\/03\/Zendo-UWH2-1536x1152.jpeg 1536w, https:\/\/www.zendo-witten.de\/wp-content\/uploads\/2026\/03\/Zendo-UWH2-2048x1536.jpeg 2048w, https:\/\/www.zendo-witten.de\/wp-content\/uploads\/2026\/03\/Zendo-UWH2-1200x900.jpeg 1200w, https:\/\/www.zendo-witten.de\/wp-content\/uploads\/2026\/03\/Zendo-UWH2-1980x1485.jpeg 1980w\" sizes=\"auto, (max-width: 2560px) 100vw, 2560px\" \/><\/figure>\n\n\n\n<p>Wir sind eine Zen-Gruppe mit Teilnehmern aus Witten, Bochum, Dortmund und Umgebung und praktizieren mittwochs zwei Runden Zazen (Sitzmeditation) von jeweils 25 Minuten im Rinzai-Stil. <\/p>\n\n\n\n<p>Zu Beginn rezitieren wir das Herzsutra &#8222;Hannya Shingy\u014d&#8220; und zwischen den Sitzrunden \u00fcben wir Kinhin (Gehmeditation). Treffpunkt und gemeinsames Aufbauen ab 19:00 Uhr, Beginn der Meditation 19:15 Uhr.<\/p>\n\n\n\n<p>Die Meditation findet im Raum der Stille an der Universit\u00e4t Witten Herdecke im Rahmen des Hochschulsports statt. Das Angebot richten sich an Studierende und Mitarbeitende der UW\/H sowie an alle, die Zazen parktizieren m\u00f6chten, auch Anf\u00e4nger. Wir freuen uns \u00fcber neue Teilnehmer! Einfach kurz Kontakt aufnehmen und vorbeikommen. Matten und Kissen\/B\u00e4nkchen sind vorhanden, ihr braucht nichts mitzubringen.<\/p>\n\n\n\n<p>Adresse: <\/p>\n\n\n\n<p>Universtit\u00e4t Witten\/Herdecke, Alfred-Herrhausen-Str. 50, 58455 Witten, Neubau 1. OG. Das Geb\u00e4ude ist barrierefrei zug\u00e4nglich.<\/p>\n\n\n\n<p>magnus@zendo-witten.de<\/p>\n\n\n\n<p>Magnus +49 171 8610134<\/p>\n\n\n\n<p>Peter +49 173 6933451<\/p>\n\n\n\n<p><\/p>\n","protected":false},"excerpt":{"rendered":"<p>Wir sind eine Zen-Gruppe mit Teilnehmern aus Witten, Bochum, Dortmund und Umgebung und praktizieren mittwochs zwei Runden Zazen (Sitzmeditation) von jeweils 25 Minuten im Rinzai-Stil. Zu Beginn rezitieren wir das Herzsutra &#8222;Hannya Shingy\u014d&#8220; und zwischen den Sitzrunden \u00fcben wir Kinhin (Gehmeditation). Treffpunkt und gemeinsames Aufbauen ab 19:00 Uhr, Beginn der Meditation 19:15 Uhr. Die Meditation [&hellip;]<\/p>\n","protected":false},"author":1,"featured_media":80,"parent":0,"menu_order":0,"comment_status":"closed","ping_status":"closed","template":"","meta":{"footnotes":""},"class_list":["post-83","page","type-page","status-publish","has-post-thumbnail","hentry"],"_links":{"self":[{"href":"https:\/\/www.zendo-witten.de\/index.php?rest_route=\/wp\/v2\/pages\/83","targetHints":{"allow":["GET"]}}],"collection":[{"href":"https:\/\/www.zendo-witten.de\/index.php?rest_route=\/wp\/v2\/pages"}],"about":[{"href":"https:\/\/www.zendo-witten.de\/index.php?rest_route=\/wp\/v2\/types\/page"}],"author":[{"embeddable":true,"href":"https:\/\/www.zendo-witten.de\/index.php?rest_route=\/wp\/v2\/users\/1"}],"replies":[{"embeddable":true,"href":"https:\/\/www.zendo-witten.de\/index.php?rest_route=%2Fwp%2Fv2%2Fcomments&post=83"}],"version-history":[{"count":39,"href":"https:\/\/www.zendo-witten.de\/index.php?rest_route=\/wp\/v2\/pages\/83\/revisions"}],"predecessor-version":[{"id":173,"href":"https:\/\/www.zendo-witten.de\/index.php?rest_route=\/wp\/v2\/pages\/83\/revisions\/173"}],"wp:featuredmedia":[{"embeddable":true,"href":"https:\/\/www.zendo-witten.de\/index.php?rest_route=\/wp\/v2\/media\/80"}],"wp:attachment":[{"href":"https:\/\/www.zendo-witten.de\/index.php?rest_route=%2Fwp%2Fv2%2Fmedia&parent=83"}],"curies":[{"name":"wp","href":"https:\/\/api.w.org\/{rel}","templated":true}]}}